{"id":32,"date":"2017-03-02T21:15:40","date_gmt":"2017-03-02T20:15:40","guid":{"rendered":"http:\/\/wordpress.roethano-bravo.de\/?page_id=32"},"modified":"2025-03-10T19:12:16","modified_gmt":"2025-03-10T18:12:16","slug":"technik-und-kulisse","status":"publish","type":"page","link":"https:\/\/wordpress.roethano-bravo.de\/?page_id=32","title":{"rendered":"Technik und Kulisse"},"content":{"rendered":"\n<div class=\"wp-block-columns is-layout-flex wp-container-core-columns-is-layout-28f84493 wp-block-columns-is-layout-flex\">\n<div class=\"wp-block-column is-layout-flow wp-block-column-is-layout-flow\">\n<figure class=\"wp-block-image size-large\"><img loading=\"lazy\" decoding=\"async\" width=\"1024\" height=\"776\" src=\"https:\/\/wordpress.roethano-bravo.de\/wp-content\/uploads\/2025\/03\/Frank_1-1-1024x776.jpeg\" alt=\"\" class=\"wp-image-2170\" srcset=\"https:\/\/wordpress.roethano-bravo.de\/wp-content\/uploads\/2025\/03\/Frank_1-1-1024x776.jpeg 1024w, https:\/\/wordpress.roethano-bravo.de\/wp-content\/uploads\/2025\/03\/Frank_1-1-300x227.jpeg 300w, https:\/\/wordpress.roethano-bravo.de\/wp-content\/uploads\/2025\/03\/Frank_1-1-768x582.jpeg 768w, https:\/\/wordpress.roethano-bravo.de\/wp-content\/uploads\/2025\/03\/Frank_1-1-1536x1164.jpeg 1536w, https:\/\/wordpress.roethano-bravo.de\/wp-content\/uploads\/2025\/03\/Frank_1-1.jpeg 2010w\" sizes=\"auto, (max-width: 1024px) 100vw, 1024px\" \/><\/figure>\n\n\n\n<h5 style=\"text-align: center;\"><strong>Tontechnik: Frank B\u00f6hme<\/strong><\/h5>\n<\/div>\n\n\n\n<div class=\"wp-block-column is-layout-flow wp-block-column-is-layout-flow\">\n<figure class=\"wp-block-image size-large\"><img loading=\"lazy\" decoding=\"async\" width=\"655\" height=\"1024\" src=\"https:\/\/wordpress.roethano-bravo.de\/wp-content\/uploads\/2025\/03\/Tobi-1-655x1024.jpeg\" alt=\"\" class=\"wp-image-2171\" srcset=\"https:\/\/wordpress.roethano-bravo.de\/wp-content\/uploads\/2025\/03\/Tobi-1-655x1024.jpeg 655w, https:\/\/wordpress.roethano-bravo.de\/wp-content\/uploads\/2025\/03\/Tobi-1-192x300.jpeg 192w, https:\/\/wordpress.roethano-bravo.de\/wp-content\/uploads\/2025\/03\/Tobi-1-768x1201.jpeg 768w, https:\/\/wordpress.roethano-bravo.de\/wp-content\/uploads\/2025\/03\/Tobi-1-983x1536.jpeg 983w, https:\/\/wordpress.roethano-bravo.de\/wp-content\/uploads\/2025\/03\/Tobi-1.jpeg 1310w\" sizes=\"auto, (max-width: 655px) 100vw, 655px\" \/><\/figure>\n\n\n\n<h5 style=\"text-align: center;\"><strong>Lichttechnik: Tobias Kirschke<\/strong><\/h5>\n<\/div>\n\n\n\n<div class=\"wp-block-column is-layout-flow wp-block-column-is-layout-flow\">\n<figure class=\"wp-block-image size-large\"><img loading=\"lazy\" decoding=\"async\" width=\"1024\" height=\"576\" src=\"https:\/\/wordpress.roethano-bravo.de\/wp-content\/uploads\/2025\/03\/Raeumteam-1024x576.jpeg\" alt=\"\" class=\"wp-image-2172\" srcset=\"https:\/\/wordpress.roethano-bravo.de\/wp-content\/uploads\/2025\/03\/Raeumteam-1024x576.jpeg 1024w, https:\/\/wordpress.roethano-bravo.de\/wp-content\/uploads\/2025\/03\/Raeumteam-300x169.jpeg 300w, https:\/\/wordpress.roethano-bravo.de\/wp-content\/uploads\/2025\/03\/Raeumteam-768x432.jpeg 768w, https:\/\/wordpress.roethano-bravo.de\/wp-content\/uploads\/2025\/03\/Raeumteam-1536x864.jpeg 1536w, https:\/\/wordpress.roethano-bravo.de\/wp-content\/uploads\/2025\/03\/Raeumteam.jpeg 1599w\" sizes=\"auto, (max-width: 1024px) 100vw, 1024px\" \/><\/figure>\n\n\n\n<h5 style=\"text-align: center;\"><strong>R\u00e4um-Team:<br \/>Dennis Eckhardt, J\u00fcrg &amp; Conny Hartwich, Ralph Drutschmann, Niels Hoffmann<\/strong><\/h5>\n<\/div>\n<\/div>\n\n\n\n<p class=\"has-medium-font-size\"><\/p>\n\n\n\n<div class=\"wp-block-columns is-layout-flex wp-container-core-columns-is-layout-28f84493 wp-block-columns-is-layout-flex\">\n<div class=\"wp-block-column is-layout-flow wp-block-column-is-layout-flow\">\n<figure class=\"wp-block-image size-large\"><img loading=\"lazy\" decoding=\"async\" width=\"1024\" height=\"927\" src=\"https:\/\/wordpress.roethano-bravo.de\/wp-content\/uploads\/2025\/03\/Einlass_1-1024x927.jpeg\" alt=\"\" class=\"wp-image-2173\" srcset=\"https:\/\/wordpress.roethano-bravo.de\/wp-content\/uploads\/2025\/03\/Einlass_1-1024x927.jpeg 1024w, https:\/\/wordpress.roethano-bravo.de\/wp-content\/uploads\/2025\/03\/Einlass_1-300x272.jpeg 300w, https:\/\/wordpress.roethano-bravo.de\/wp-content\/uploads\/2025\/03\/Einlass_1-768x696.jpeg 768w, https:\/\/wordpress.roethano-bravo.de\/wp-content\/uploads\/2025\/03\/Einlass_1-1536x1391.jpeg 1536w, https:\/\/wordpress.roethano-bravo.de\/wp-content\/uploads\/2025\/03\/Einlass_1.jpeg 1908w\" sizes=\"auto, (max-width: 1024px) 100vw, 1024px\" \/><\/figure>\n\n\n\n<h5 style=\"text-align: center;\"><strong>Einlass: <br \/>Christiane Eckhardt und Conny Hartwich<\/strong><\/h5>\n<\/div>\n\n\n\n<div class=\"wp-block-column is-layout-flow wp-block-column-is-layout-flow\"><\/div>\n\n\n\n<div class=\"wp-block-column is-layout-flow wp-block-column-is-layout-flow\"><\/div>\n<\/div>\n","protected":false},"excerpt":{"rendered":"<p>Tontechnik: Frank B\u00f6hme Lichttechnik: Tobias Kirschke R\u00e4um-Team:Dennis Eckhardt, J\u00fcrg &amp; Conny Hartwich, Ralph Drutschmann, Niels Hoffmann Einlass: Christiane Eckhardt und Conny Hartwich<\/p>\n","protected":false},"author":1,"featured_media":0,"parent":0,"menu_order":0,"comment_status":"closed","ping_status":"closed","template":"","meta":{"site-sidebar-layout":"default","site-content-layout":"","ast-site-content-layout":"default","site-content-style":"default","site-sidebar-style":"default","ast-global-header-display":"","ast-banner-title-visibility":"","ast-main-header-display":"","ast-hfb-above-header-display":"","ast-hfb-below-header-display":"","ast-hfb-mobile-header-display":"","site-post-title":"","ast-breadcrumbs-content":"","ast-featured-img":"","footer-sml-layout":"","ast-disable-related-posts":"","theme-transparent-header-meta":"","adv-header-id-meta":"","stick-header-meta":"","header-above-stick-meta":"","header-main-stick-meta":"","header-below-stick-meta":"","astra-migrate-meta-layouts":"set","ast-page-background-enabled":"default","ast-page-background-meta":{"desktop":{"background-color":"var(--ast-global-color-4)","background-image":"","background-repeat":"repeat","background-position":"center center","background-size":"auto","background-attachment":"scroll","background-type":"","background-media":"","overlay-type":"","overlay-color":"","overlay-opacity":"","overlay-gradient":""},"tablet":{"background-color":"","background-image":"","background-repeat":"repeat","background-position":"center center","background-size":"auto","background-attachment":"scroll","background-type":"","background-media":"","overlay-type":"","overlay-color":"","overlay-opacity":"","overlay-gradient":""},"mobile":{"background-color":"","background-image":"","background-repeat":"repeat","background-position":"center center","background-size":"auto","background-attachment":"scroll","background-type":"","background-media":"","overlay-type":"","overlay-color":"","overlay-opacity":"","overlay-gradient":""}},"ast-content-background-meta":{"desktop":{"background-color":"var(--ast-global-color-5)","background-image":"","background-repeat":"repeat","background-position":"center center","background-size":"auto","background-attachment":"scroll","background-type":"","background-media":"","overlay-type":"","overlay-color":"","overlay-opacity":"","overlay-gradient":""},"tablet":{"background-color":"var(--ast-global-color-5)","background-image":"","background-repeat":"repeat","background-position":"center center","background-size":"auto","background-attachment":"scroll","background-type":"","background-media":"","overlay-type":"","overlay-color":"","overlay-opacity":"","overlay-gradient":""},"mobile":{"background-color":"var(--ast-global-color-5)","background-image":"","background-repeat":"repeat","background-position":"center center","background-size":"auto","background-attachment":"scroll","background-type":"","background-media":"","overlay-type":"","overlay-color":"","overlay-opacity":"","overlay-gradient":""}},"footnotes":""},"class_list":["post-32","page","type-page","status-publish","hentry"],"_links":{"self":[{"href":"https:\/\/wordpress.roethano-bravo.de\/index.php?rest_route=\/wp\/v2\/pages\/32","targetHints":{"allow":["GET"]}}],"collection":[{"href":"https:\/\/wordpress.roethano-bravo.de\/index.php?rest_route=\/wp\/v2\/pages"}],"about":[{"href":"https:\/\/wordpress.roethano-bravo.de\/index.php?rest_route=\/wp\/v2\/types\/page"}],"author":[{"embeddable":true,"href":"https:\/\/wordpress.roethano-bravo.de\/index.php?rest_route=\/wp\/v2\/users\/1"}],"replies":[{"embeddable":true,"href":"https:\/\/wordpress.roethano-bravo.de\/index.php?rest_route=%2Fwp%2Fv2%2Fcomments&post=32"}],"version-history":[{"count":8,"href":"https:\/\/wordpress.roethano-bravo.de\/index.php?rest_route=\/wp\/v2\/pages\/32\/revisions"}],"predecessor-version":[{"id":2174,"href":"https:\/\/wordpress.roethano-bravo.de\/index.php?rest_route=\/wp\/v2\/pages\/32\/revisions\/2174"}],"wp:attachment":[{"href":"https:\/\/wordpress.roethano-bravo.de\/index.php?rest_route=%2Fwp%2Fv2%2Fmedia&parent=32"}],"curies":[{"name":"wp","href":"https:\/\/api.w.org\/{rel}","templated":true}]}}