{"id":45,"date":"2017-03-02T21:19:53","date_gmt":"2017-03-02T20:19:53","guid":{"rendered":"http:\/\/wordpress.roethano-bravo.de\/?page_id=45"},"modified":"2026-03-04T20:31:00","modified_gmt":"2026-03-04T19:31:00","slug":"impressum","status":"publish","type":"page","link":"https:\/\/wordpress.roethano-bravo.de\/?page_id=45","title":{"rendered":"Impressum"},"content":{"rendered":"<table class=\" aligncenter\" border=\"0\" width=\"500\" cellspacing=\"0\" cellpadding=\"0\">\n<tbody>\n<tr>\n<td>Name des Vereins:<\/p>\n<p>Postanschrift:<\/p>\n<p>Email:<\/p>\n<p>Internet:<\/td>\n<td>Karneval Club R\u00f6tha e.V.<\/p>\n<p>D-04571 R\u00f6tha, G\u00fcntzelstra\u00dfe 11<\/p>\n<p>kcr_vorstand@t-online.de<\/p>\n<p>www.roethano-bravo.de<\/td>\n<\/tr>\n<tr>\n<td colspan=\"2\"><strong>Vertretungsberechtigter<\/strong><\/td>\n<\/tr>\n<tr valign=\"top\">\n<td>Vorstand:<\/td>\n<td>Sabine Haupt (Pr\u00e4sidentin)<br \/>\nVenice B\u00f6hme (Vizepr\u00e4sidentin)<br \/>\nMaik Gro\u00dfmann (Schatzmeister)<br \/>\nMichael Dedio (4. Vorstand)<br \/>\nChristoph Jeschky (5. Vorstand)<\/td>\n<\/tr>\n<tr>\n<td colspan=\"2\"><strong>Nach \u00a7 5 Nr. 2 der Vereinssatzung<\/strong><\/td>\n<\/tr>\n<tr>\n<td>Registergericht:Registernummer:<\/td>\n<td>Amtsgericht Borna Vereinsregister Nr. 242<\/td>\n<\/tr>\n<tr>\n<td colspan=\"2\"><strong>Inhaltlich Verantwortlicher<\/strong><\/td>\n<\/tr>\n<tr>\n<td valign=\"top\" width=\"180\">gem\u00e4\u00df \u00a7 10 Abs.3 MDStV:<\/td>\n<td>Venice B\u00f6hme<\/td>\n<\/tr>\n<tr>\n<td valign=\"top\"><strong>Haftungshinweis:<\/strong><\/td>\n<td>Trotz sorgf\u00e4ltiger inhaltlicher Kontrolle \u00fcbernehmen wir keine Haftung f\u00fcr die Inhalte externer Links. F\u00fcr den Inhalt der verlinkten Seiten sind ausschlie\u00dflich deren Betreiber verantwortlich.<\/td>\n<\/tr>\n<\/tbody>\n<\/table>\n","protected":false},"excerpt":{"rendered":"<p>Name des Vereins: Postanschrift: Email: Internet: Karneval Club R\u00f6tha e.V. D-04571 R\u00f6tha, G\u00fcntzelstra\u00dfe 11 kcr_vorstand@t-online.de www.roethano-bravo.de Vertretungsberechtigter Vorstand: Sabine Haupt (Pr\u00e4sidentin) Venice B\u00f6hme (Vizepr\u00e4sidentin) Maik Gro\u00dfmann (Schatzmeister) Michael Dedio (4. Vorstand) Christoph Jeschky (5. Vorstand) Nach \u00a7 5 Nr. 2 der Vereinssatzung Registergericht:Registernummer: Amtsgericht Borna Vereinsregister Nr. 242 Inhaltlich Verantwortlicher gem\u00e4\u00df \u00a7 10 Abs.3 MDStV: [&hellip;]<\/p>\n","protected":false},"author":1,"featured_media":0,"parent":0,"menu_order":0,"comment_status":"closed","ping_status":"closed","template":"","meta":{"site-sidebar-layout":"default","site-content-layout":"","ast-site-content-layout":"default","site-content-style":"default","site-sidebar-style":"default","ast-global-header-display":"","ast-banner-title-visibility":"","ast-main-header-display":"","ast-hfb-above-header-display":"","ast-hfb-below-header-display":"","ast-hfb-mobile-header-display":"","site-post-title":"","ast-breadcrumbs-content":"","ast-featured-img":"","footer-sml-layout":"","ast-disable-related-posts":"","theme-transparent-header-meta":"","adv-header-id-meta":"","stick-header-meta":"","header-above-stick-meta":"","header-main-stick-meta":"","header-below-stick-meta":"","astra-migrate-meta-layouts":"set","ast-page-background-enabled":"default","ast-page-background-meta":{"desktop":{"background-color":"var(--ast-global-color-4)","background-image":"","background-repeat":"repeat","background-position":"center center","background-size":"auto","background-attachment":"scroll","background-type":"","background-media":"","overlay-type":"","overlay-color":"","overlay-opacity":"","overlay-gradient":""},"tablet":{"background-color":"","background-image":"","background-repeat":"repeat","background-position":"center center","background-size":"auto","background-attachment":"scroll","background-type":"","background-media":"","overlay-type":"","overlay-color":"","overlay-opacity":"","overlay-gradient":""},"mobile":{"background-color":"","background-image":"","background-repeat":"repeat","background-position":"center center","background-size":"auto","background-attachment":"scroll","background-type":"","background-media":"","overlay-type":"","overlay-color":"","overlay-opacity":"","overlay-gradient":""}},"ast-content-background-meta":{"desktop":{"background-color":"var(--ast-global-color-5)","background-image":"","background-repeat":"repeat","background-position":"center center","background-size":"auto","background-attachment":"scroll","background-type":"","background-media":"","overlay-type":"","overlay-color":"","overlay-opacity":"","overlay-gradient":""},"tablet":{"background-color":"var(--ast-global-color-5)","background-image":"","background-repeat":"repeat","background-position":"center center","background-size":"auto","background-attachment":"scroll","background-type":"","background-media":"","overlay-type":"","overlay-color":"","overlay-opacity":"","overlay-gradient":""},"mobile":{"background-color":"var(--ast-global-color-5)","background-image":"","background-repeat":"repeat","background-position":"center center","background-size":"auto","background-attachment":"scroll","background-type":"","background-media":"","overlay-type":"","overlay-color":"","overlay-opacity":"","overlay-gradient":""}},"footnotes":""},"class_list":["post-45","page","type-page","status-publish","hentry"],"_links":{"self":[{"href":"https:\/\/wordpress.roethano-bravo.de\/index.php?rest_route=\/wp\/v2\/pages\/45","targetHints":{"allow":["GET"]}}],"collection":[{"href":"https:\/\/wordpress.roethano-bravo.de\/index.php?rest_route=\/wp\/v2\/pages"}],"about":[{"href":"https:\/\/wordpress.roethano-bravo.de\/index.php?rest_route=\/wp\/v2\/types\/page"}],"author":[{"embeddable":true,"href":"https:\/\/wordpress.roethano-bravo.de\/index.php?rest_route=\/wp\/v2\/users\/1"}],"replies":[{"embeddable":true,"href":"https:\/\/wordpress.roethano-bravo.de\/index.php?rest_route=%2Fwp%2Fv2%2Fcomments&post=45"}],"version-history":[{"count":9,"href":"https:\/\/wordpress.roethano-bravo.de\/index.php?rest_route=\/wp\/v2\/pages\/45\/revisions"}],"predecessor-version":[{"id":2267,"href":"https:\/\/wordpress.roethano-bravo.de\/index.php?rest_route=\/wp\/v2\/pages\/45\/revisions\/2267"}],"wp:attachment":[{"href":"https:\/\/wordpress.roethano-bravo.de\/index.php?rest_route=%2Fwp%2Fv2%2Fmedia&parent=45"}],"curies":[{"name":"wp","href":"https:\/\/api.w.org\/{rel}","templated":true}]}}