{"id":7,"date":"2017-03-02T17:47:32","date_gmt":"2017-03-02T16:47:32","guid":{"rendered":"http:\/\/wordpress.roethano-bravo.de\/?page_id=7"},"modified":"2026-03-04T20:23:56","modified_gmt":"2026-03-04T19:23:56","slug":"startseite","status":"publish","type":"page","link":"https:\/\/wordpress.roethano-bravo.de\/","title":{"rendered":"R\u00d6THANO BRAVO"},"content":{"rendered":"\n<h2 class=\"wp-block-heading has-text-align-center\">R\u00d6THANO BRAVO<\/h2>\n\n\n\n<div class=\"wp-block-group is-layout-constrained wp-block-group-is-layout-constrained\">\n<div class=\"wp-block-columns is-layout-flex wp-container-core-columns-is-layout-28f84493 wp-block-columns-is-layout-flex\">\n<div class=\"wp-block-column is-layout-flow wp-block-column-is-layout-flow\">\n<h2 style=\"text-align: center;\">Termine 64. Session:<\/h2>\n<h4 style=\"text-align: center;\"><em><span style=\"color: #000080;\">November 2026:<\/span><\/em><\/h4>\n<h5 style=\"text-align: center;\"><span style=\"color: #0000ff;\">Kartenverkauf am 03.10.2026 im Sportlerheim<\/span><\/h5>\n<h5 style=\"text-align: center;\">1. Veranstaltung 14.11.2026<\/h5>\n<h5 style=\"text-align: center;\">2. Veranstaltung 21.11.2026<\/h5>\n<h4 style=\"text-align: center;\"><em><span style=\"color: #000080;\">Januar\/Februar 2027:<\/span><\/em><\/h4>\n<h5 style=\"text-align: center;\"><span style=\"color: #0000ff;\">Kartenverkauf am 12.12.2026 im Sportlerheim<\/span><\/h5>\n<h5 style=\"text-align: center;\"><strong>1. Veranstaltung 23.01.2027<\/strong><\/h5>\n<h5 style=\"text-align: center;\"><strong>2. Veranstaltung 30.01.2027<\/strong><\/h5>\n<h5 style=\"text-align: center;\">\u00dc60-Veranstaltung 31.01.2027<\/h5>\n<h5 style=\"text-align: center;\">Weiberfasching 04.02.2027<\/h5>\n<h5 style=\"text-align: center;\">3. Veranstaltung 06.02.2027<\/h5>\n<h5 style=\"text-align: center;\">Faschingsumzug 07.02.2027<\/h5>\n<\/div>\n<\/div>\n\n\n\n<figure class=\"wp-block-image alignfull size-large\"><img loading=\"lazy\" decoding=\"async\" width=\"1024\" height=\"535\" src=\"https:\/\/wordpress.roethano-bravo.de\/wp-content\/uploads\/2026\/03\/KCR1-1-1024x535.jpeg\" alt=\"\" class=\"wp-image-2258\" srcset=\"https:\/\/wordpress.roethano-bravo.de\/wp-content\/uploads\/2026\/03\/KCR1-1-1024x535.jpeg 1024w, https:\/\/wordpress.roethano-bravo.de\/wp-content\/uploads\/2026\/03\/KCR1-1-300x157.jpeg 300w, https:\/\/wordpress.roethano-bravo.de\/wp-content\/uploads\/2026\/03\/KCR1-1-768x401.jpeg 768w, https:\/\/wordpress.roethano-bravo.de\/wp-content\/uploads\/2026\/03\/KCR1-1-1536x803.jpeg 1536w, https:\/\/wordpress.roethano-bravo.de\/wp-content\/uploads\/2026\/03\/KCR1-1.jpeg 2048w\" sizes=\"auto, (max-width: 1024px) 100vw, 1024px\" \/><\/figure>\n<\/div>\n\n\n<p><!-- \/wp:post-content --><\/p>\n<p><!-- wp:tadv\/classic-paragraph \/--><\/p>\n<p><!-- wp:image {\"id\":2165,\"sizeSlug\":\"large\",\"linkDestination\":\"none\",\"align\":\"center\"} --><\/p>\n<figure class=\"wp-block-image aligncenter size-large\"><\/figure>\n<p><!-- \/wp:image --><\/p>\n<p><!-- wp:separator {\"className\":\"is-style-wide\"} --><\/p>\n<hr class=\"wp-block-separator has-alpha-channel-opacity is-style-wide\" \/><!-- \/wp:separator -->\n<p><!-- wp:paragraph {\"align\":\"left\"} --><\/p>\n<p class=\"has-text-align-left\" style=\"text-align: center;\"><strong>Wir suchen dich <\/strong>&#8211; du hast Lust die Faschingszeit aktiv mitzugestalten? Du bist 18 Jahre oder \u00e4lter? Dann melde dich bei uns! Von der klassischen Garde, \u00fcber Showt\u00e4nze bis hin zu Comedy oder M\u00e4nnerballett &#8211; gestalte den KCR mit uns. Wir freuen uns darauf, dich kennenzulernen!<\/p>\n<p><!-- \/wp:paragraph --><\/p>\n<p><!-- wp:columns --><\/p>\n<div class=\"wp-block-columns\"><!-- wp:column {\"width\":\"100%\"} -->\n<div class=\"wp-block-column\" style=\"flex-basis: 100%;\"><!-- wp:buttons {\"layout\":{\"type\":\"flex\",\"justifyContent\":\"center\",\"verticalAlignment\":\"top\"}} -->\n<div class=\"wp-block-buttons\"><!-- wp:button -->\n<div class=\"wp-block-button\" style=\"text-align: left;\"><a class=\"wp-block-button__link wp-element-button\" href=\"https:\/\/wordpress.roethano-bravo.de\/?page_id=1921\">Jetzt mitmachen !<\/a><\/div>\n<p><!-- \/wp:button --><\/p>\n<\/div>\n<p><!-- \/wp:buttons --><\/p>\n<\/div>\n<p><!-- \/wp:column --><\/p>\n<\/div>\n<p><!-- \/wp:columns --><\/p>\n<p><!-- wp:tadv\/classic-paragraph \/--><\/p>\n<p><!-- wp:tadv\/classic-paragraph \/--><\/p>","protected":false},"excerpt":{"rendered":"<p>R\u00d6THANO BRAVO Termine 64. Session: November 2026: Kartenverkauf am 03.10.2026 im Sportlerheim 1. Veranstaltung 14.11.2026 2. Veranstaltung 21.11.2026 Januar\/Februar 2027: Kartenverkauf am 12.12.2026 im Sportlerheim 1. Veranstaltung 23.01.2027 2. Veranstaltung 30.01.2027 \u00dc60-Veranstaltung 31.01.2027 Weiberfasching 04.02.2027 3. Veranstaltung 06.02.2027 Faschingsumzug 07.02.2027 Wir suchen dich &#8211; du hast Lust die Faschingszeit aktiv mitzugestalten? Du bist 18 Jahre [&hellip;]<\/p>\n","protected":false},"author":1,"featured_media":0,"parent":0,"menu_order":0,"comment_status":"closed","ping_status":"closed","template":"","meta":{"site-sidebar-layout":"default","site-content-layout":"","ast-site-content-layout":"default","site-content-style":"default","site-sidebar-style":"default","ast-global-header-display":"","ast-banner-title-visibility":"","ast-main-header-display":"","ast-hfb-above-header-display":"","ast-hfb-below-header-display":"","ast-hfb-mobile-header-display":"","site-post-title":"disabled","ast-breadcrumbs-content":"","ast-featured-img":"","footer-sml-layout":"","ast-disable-related-posts":"","theme-transparent-header-meta":"","adv-header-id-meta":"","stick-header-meta":"","header-above-stick-meta":"","header-main-stick-meta":"","header-below-stick-meta":"","astra-migrate-meta-layouts":"set","ast-page-background-enabled":"default","ast-page-background-meta":{"desktop":{"background-color":"var(--ast-global-color-4)","background-image":"","background-repeat":"repeat","background-position":"center center","background-size":"auto","background-attachment":"scroll","background-type":"","background-media":"","overlay-type":"","overlay-color":"","overlay-opacity":"","overlay-gradient":""},"tablet":{"background-color":"","background-image":"","background-repeat":"repeat","background-position":"center center","background-size":"auto","background-attachment":"scroll","background-type":"","background-media":"","overlay-type":"","overlay-color":"","overlay-opacity":"","overlay-gradient":""},"mobile":{"background-color":"","background-image":"","background-repeat":"repeat","background-position":"center center","background-size":"auto","background-attachment":"scroll","background-type":"","background-media":"","overlay-type":"","overlay-color":"","overlay-opacity":"","overlay-gradient":""}},"ast-content-background-meta":{"desktop":{"background-color":"var(--ast-global-color-5)","background-image":"","background-repeat":"repeat","background-position":"center center","background-size":"auto","background-attachment":"scroll","background-type":"","background-media":"","overlay-type":"","overlay-color":"","overlay-opacity":"","overlay-gradient":""},"tablet":{"background-color":"var(--ast-global-color-5)","background-image":"","background-repeat":"repeat","background-position":"center center","background-size":"auto","background-attachment":"scroll","background-type":"","background-media":"","overlay-type":"","overlay-color":"","overlay-opacity":"","overlay-gradient":""},"mobile":{"background-color":"var(--ast-global-color-5)","background-image":"","background-repeat":"repeat","background-position":"center center","background-size":"auto","background-attachment":"scroll","background-type":"","background-media":"","overlay-type":"","overlay-color":"","overlay-opacity":"","overlay-gradient":""}},"footnotes":""},"class_list":["post-7","page","type-page","status-publish","hentry"],"_links":{"self":[{"href":"https:\/\/wordpress.roethano-bravo.de\/index.php?rest_route=\/wp\/v2\/pages\/7","targetHints":{"allow":["GET"]}}],"collection":[{"href":"https:\/\/wordpress.roethano-bravo.de\/index.php?rest_route=\/wp\/v2\/pages"}],"about":[{"href":"https:\/\/wordpress.roethano-bravo.de\/index.php?rest_route=\/wp\/v2\/types\/page"}],"author":[{"embeddable":true,"href":"https:\/\/wordpress.roethano-bravo.de\/index.php?rest_route=\/wp\/v2\/users\/1"}],"replies":[{"embeddable":true,"href":"https:\/\/wordpress.roethano-bravo.de\/index.php?rest_route=%2Fwp%2Fv2%2Fcomments&post=7"}],"version-history":[{"count":47,"href":"https:\/\/wordpress.roethano-bravo.de\/index.php?rest_route=\/wp\/v2\/pages\/7\/revisions"}],"predecessor-version":[{"id":2263,"href":"https:\/\/wordpress.roethano-bravo.de\/index.php?rest_route=\/wp\/v2\/pages\/7\/revisions\/2263"}],"wp:attachment":[{"href":"https:\/\/wordpress.roethano-bravo.de\/index.php?rest_route=%2Fwp%2Fv2%2Fmedia&parent=7"}],"curies":[{"name":"wp","href":"https:\/\/api.w.org\/{rel}","templated":true}]}}